{"id":32,"date":"2022-07-18T13:37:00","date_gmt":"2022-07-18T13:37:00","guid":{"rendered":"http:\/\/broskitravel.com\/?page_id=32"},"modified":"2022-07-18T17:02:16","modified_gmt":"2022-07-18T17:02:16","slug":"about-me","status":"publish","type":"page","link":"https:\/\/broskitravel.com\/pl\/about-me\/","title":{"rendered":"About me"},"content":{"rendered":"<figure class=\"wp-block-image size-large is-resized is-style-default\" style=\"margin: 0px 30px 0 0;float: left; width: 55%;\"><img loading=\"lazy\" decoding=\"async\" src=\"http:\/\/broskitravel.com\/wp-content\/uploads\/2022\/07\/IMG_5549-1024x768.jpeg\" alt=\"\" class=\"wp-image-40\" width=\"1024\" height=\"768\" srcset=\"https:\/\/broskitravel.com\/wp-content\/uploads\/2022\/07\/IMG_5549-1024x768.jpeg 1024w, https:\/\/broskitravel.com\/wp-content\/uploads\/2022\/07\/IMG_5549-300x225.jpeg 300w, https:\/\/broskitravel.com\/wp-content\/uploads\/2022\/07\/IMG_5549-768x576.jpeg 768w, https:\/\/broskitravel.com\/wp-content\/uploads\/2022\/07\/IMG_5549-1536x1152.jpeg 1536w, https:\/\/broskitravel.com\/wp-content\/uploads\/2022\/07\/IMG_5549-2048x1536.jpeg 2048w, https:\/\/broskitravel.com\/wp-content\/uploads\/2022\/07\/IMG_5549-80x60.jpeg 80w\" sizes=\"auto, (max-width: 1024px) 100vw, 1024px\" \/><\/figure>\n\n\n\n<p>Hej! Jestem Oskar i stworzy\u0142em t\u0119 stron\u0119 dla ka\u017cdego, kto lubi podr\u00f3\u017cowa\u0107 i szuka inspiracji, wskaz\u00f3wek i historii \u2013 czy to z ciekawo\u015bci, czy te\u017c dla usprawnienia w\u0142asnych przyg\u00f3d \ud83c\udf0e Mam nadziej\u0119, \u017ce m\u00f3j tekst w ko\u0144cu przyda si\u0119 niekt\u00f3rym z Was, bo to sedno sprawy. Zacz\u0105\u0142em dzieli\u0107 si\u0119 swoimi podr\u00f3\u017cami na YouTube, ale te\u017c zawsze uwielbia\u0142em pisa\u0107\u2026 pisa\u0107 d\u0142ugie akapity na ciekawy temat. I oto jest. M\u00f3j pisany blog dotyczy mojego \u017cycia i wszystkich moich podr\u00f3\u017cy \ud83d\udeeb <br><br>Przede wszystkim podr\u00f3\u017cowanie zawsze by\u0142o moim wielkim marzeniem. Wychowa\u0142em si\u0119 w biednej rodzinie (mimo bogatego ojca). W og\u00f3le nie podr\u00f3\u017cowali\u015bmy, bo nigdy nie mieli\u015bmy pieni\u0119dzy i\/lub czasu. Odk\u0105d doros\u0142am zrobi\u0142am ogromny post\u0119p w moim \u017cyciu. Kiedy to pisz\u0119, jestem 23-letnim in\u017cynierem oprogramowania \ud83d\udc68\ud83c\udffc\u200d\ud83d\udcbb A dok\u0142adniej Mid Flutter Developer \u2013 tworz\u0119 aplikacje mobilne (zar\u00f3wno na iOS, jak i Androida). Pracuj\u0119 dla niesamowitej firmy zlokalizowanej w Poznaniu \u2013 Codigee. Z ich absolutnie du\u017c\u0105 wysoko\u015bci\u0105 do swoich pracownik\u00f3w i \u015bwietn\u0105 pensj\u0105 \ud83d\udcb0 Uda\u0142o mi si\u0119 wreszcie zacz\u0105\u0107 podr\u00f3\u017cowa\u0107 tak, jak zawsze chcia\u0142em. Wi\u0119cej na ten temat b\u0119dzie mo\u017cna przeczyta\u0107 w moich wpisach na blogu. <\/p>\n\n\n\n<p>Ale skoro to czytasz, przypuszczam, \u017ce naprawd\u0119 jeste\u015b ciekawy. Naprawd\u0119 by\u0142bym wdzi\u0119czny za odwiedzenie i zasubskrybowanie\/follow wszystkich moich medi\u00f3w spo\u0142eczno\u015bciowych \ud83d\udcf2 To naprawd\u0119 mi pomaga. Wszystkie daj\u0105 troch\u0119 inn\u0105 perspektyw\u0119 moich podr\u00f3\u017cy, wi\u0119c my\u015bl\u0119, \u017ce docenisz to tak samo, jak ja doceniam ka\u017cd\u0105 subskrypcj\u0119 i follow.<\/p>\n\n\n\n<p>My\u015bl\u0119, \u017ce na razie to mi wystarcza. <br><strong>Zapnij pasy i ciesz si\u0119!<\/strong><\/p>","protected":false},"excerpt":{"rendered":"<p>Hey! I&#8217;m Oscar and I created this website for everyone who likes to travel and is looking for inspiration, tips, and stories &#8211; either from curiosity or to improve his own adventures \ud83c\udf0e I hope my text will eventually be useful for some of you because that&#8217;s the whole point. I started to share my &hellip; <\/p>","protected":false},"author":1,"featured_media":24,"parent":0,"menu_order":0,"comment_status":"closed","ping_status":"closed","template":"","meta":{"footnotes":""},"class_list":["post-32","page","type-page","status-publish","has-post-thumbnail","hentry"],"_links":{"self":[{"href":"https:\/\/broskitravel.com\/pl\/wp-json\/wp\/v2\/pages\/32","targetHints":{"allow":["GET"]}}],"collection":[{"href":"https:\/\/broskitravel.com\/pl\/wp-json\/wp\/v2\/pages"}],"about":[{"href":"https:\/\/broskitravel.com\/pl\/wp-json\/wp\/v2\/types\/page"}],"author":[{"embeddable":true,"href":"https:\/\/broskitravel.com\/pl\/wp-json\/wp\/v2\/users\/1"}],"replies":[{"embeddable":true,"href":"https:\/\/broskitravel.com\/pl\/wp-json\/wp\/v2\/comments?post=32"}],"version-history":[{"count":6,"href":"https:\/\/broskitravel.com\/pl\/wp-json\/wp\/v2\/pages\/32\/revisions"}],"predecessor-version":[{"id":47,"href":"https:\/\/broskitravel.com\/pl\/wp-json\/wp\/v2\/pages\/32\/revisions\/47"}],"wp:featuredmedia":[{"embeddable":true,"href":"https:\/\/broskitravel.com\/pl\/wp-json\/wp\/v2\/media\/24"}],"wp:attachment":[{"href":"https:\/\/broskitravel.com\/pl\/wp-json\/wp\/v2\/media?parent=32"}],"curies":[{"name":"wp","href":"https:\/\/api.w.org\/{rel}","templated":true}]}}